{"id":2,"date":"2017-11-04T05:10:24","date_gmt":"2017-11-04T05:10:24","guid":{"rendered":"http:\/\/walenczewski.eu\/?page_id=2"},"modified":"2021-04-16T09:30:32","modified_gmt":"2021-04-16T09:30:32","slug":"about","status":"publish","type":"page","link":"https:\/\/walenczewski.eu\/","title":{"rendered":"O nas"},"content":{"rendered":"<p>\u015awiadczymy profesjonalne us\u0142ugi w zakresie :<\/p>\n<ul>\n<li><em><strong>Sk\u0142ad DTP<\/strong><\/em> &#8211; od najprostszych wizyt\u00f3wek, baner\u00f3w, ulotek po skomplikowany monta\u017c czasopism, ksi\u0105\u017cek czy folder\u00f3w &nbsp;reklamowych. Na \u017cyczenie klienta przygotowujemy produkt od fazy projektu a\u017c po druk.<\/li>\n<li><em><strong>Fotografia<\/strong><\/em> &#8211; reklamowa, produktowa, okoliczno\u015bciowa &nbsp;<a href=\"http:\/\/www.walenczewski.pl\">(wi\u0119cej informacji).<\/a><\/li>\n<li><em><strong>Us\u0142ugi IT<\/strong><\/em> &#8211; obs\u0142uga w zakresie naprawy oprogramowania jak i sprz\u0119tu komputerowego, tablet\u00f3w i urz\u0105dze\u0144 mobilnych. Tworzenie i prowadzenie stron www.<\/li>\n<li><em><strong>Doradztwo biznesowe<\/strong><\/em> &#8211; pomagamy kreowa\u0107 nowe pomys\u0142y i wdra\u017ca\u0107 je w \u017cycie. &nbsp;Dzi\u0119ki wieloletniemu do\u015bwiadczeniu specjalizujemy si\u0119 w nawi\u0105zywaniu &nbsp;kontakt\u00f3w mi\u0119dzy firmami polskimi i chi\u0144skimi, udost\u0119pniamy kontakty do wartych polecenia fabryk , nadzorujemy pe\u0142en proces produkcji, za\u0142atwiamy za Ciebie wszelkie formalno\u015bci jak fracht do Polski czy procedury celne.<\/li>\n<\/ul>\n","protected":false},"excerpt":{"rendered":"<p>\u015awiadczymy profesjonalne us\u0142ugi w zakresie : Sk\u0142ad DTP &#8211; od najprostszych wizyt\u00f3wek, baner\u00f3w, ulotek po skomplikowany monta\u017c czasopism, ksi\u0105\u017cek czy folder\u00f3w &nbsp;reklamowych. Na \u017cyczenie klienta przygotowujemy produkt od fazy projektu a\u017c po druk. Fotografia &#8211; reklamowa, produktowa, okoliczno\u015bciowa &nbsp;(wi\u0119cej informacji). Us\u0142ugi IT &#8211; obs\u0142uga w zakresie naprawy oprogramowania jak i sprz\u0119tu komputerowego, tablet\u00f3w i urz\u0105dze\u0144 &hellip; <\/p>\n<p class=\"link-more\"><a href=\"https:\/\/walenczewski.eu\/\" class=\"more-link\">Czytaj dalej<span class=\"screen-reader-text\"> \u201eO nas\u201d<\/span><\/a><\/p>\n","protected":false},"author":1,"featured_media":0,"parent":0,"menu_order":0,"comment_status":"open","ping_status":"open","template":"","meta":{"footnotes":""},"class_list":["post-2","page","type-page","status-publish","hentry"],"_links":{"self":[{"href":"https:\/\/walenczewski.eu\/index.php?rest_route=\/wp\/v2\/pages\/2","targetHints":{"allow":["GET"]}}],"collection":[{"href":"https:\/\/walenczewski.eu\/index.php?rest_route=\/wp\/v2\/pages"}],"about":[{"href":"https:\/\/walenczewski.eu\/index.php?rest_route=\/wp\/v2\/types\/page"}],"author":[{"embeddable":true,"href":"https:\/\/walenczewski.eu\/index.php?rest_route=\/wp\/v2\/users\/1"}],"replies":[{"embeddable":true,"href":"https:\/\/walenczewski.eu\/index.php?rest_route=%2Fwp%2Fv2%2Fcomments&post=2"}],"version-history":[{"count":11,"href":"https:\/\/walenczewski.eu\/index.php?rest_route=\/wp\/v2\/pages\/2\/revisions"}],"predecessor-version":[{"id":82,"href":"https:\/\/walenczewski.eu\/index.php?rest_route=\/wp\/v2\/pages\/2\/revisions\/82"}],"wp:attachment":[{"href":"https:\/\/walenczewski.eu\/index.php?rest_route=%2Fwp%2Fv2%2Fmedia&parent=2"}],"curies":[{"name":"wp","href":"https:\/\/api.w.org\/{rel}","templated":true}]}}